{"id":1987,"date":"2024-11-21T19:55:48","date_gmt":"2024-11-21T18:55:48","guid":{"rendered":"https:\/\/spanishadmin2.com\/staging\/4035\/?page_id=1987"},"modified":"2025-09-17T20:23:15","modified_gmt":"2025-09-17T18:23:15","slug":"contenido","status":"publish","type":"page","link":"https:\/\/spanishadmin2.com\/staging\/4035\/contenido\/","title":{"rendered":"Contenido y ENLACES a p\u00e1ginas oficiales"},"content":{"rendered":"\n<p style=\"margin-top:var(--wp--preset--spacing--superbspacing-xsmall);margin-bottom:0;line-height:1.7\" class=\"\">En este apartado se presentan los distintos cap\u00edtulos del libro. Dentro cada cap\u00edtulo el usuario encontrar\u00e1 las distintas referencias online de ayuda.<\/p>\n\n\n\n<div class=\"wp-block-group has-global-padding is-layout-constrained wp-block-group-is-layout-constrained\" style=\"margin-top:var(--wp--preset--spacing--superbspacing-small);margin-bottom:0;padding-top:0;padding-bottom:0\">\n<div id=\"index-capitulo1\" class=\"capitulo-index-link wp-block-group has-custom-color-2-background-color has-background has-global-padding is-layout-constrained wp-container-core-group-is-layout-1222244d wp-block-group-is-layout-constrained\" style=\"border-radius:6px;margin-top:var(--wp--preset--spacing--superbspacing-xsmall);margin-bottom:var(--wp--preset--spacing--superbspacing-xsmall);padding-top:var(--wp--preset--spacing--superbspacing-xsmall);padding-right:0;padding-bottom:var(--wp--preset--spacing--superbspacing-xsmall);padding-left:0\">\n<div class=\"wp-block-group is-content-justification-space-between is-nowrap is-layout-flex wp-container-core-group-is-layout-0bc2132d wp-block-group-is-layout-flex\" style=\"margin-top:0;margin-bottom:0;padding-right:var(--wp--preset--spacing--superbspacing-small);padding-left:var(--wp--preset--spacing--superbspacing-small)\">\n<h3 class=\"wp-block-heading has-primary-color has-text-color\">I &#8211; El estado legal del trabajador<\/h3>\n\n\n\n<figure class=\"wp-block-image size-full is-resized wp-duotone-unset-1\"><img decoding=\"async\" src=\"https:\/\/spanishadmin2.com\/staging\/4035\/wp-content\/uploads\/2024\/11\/bookmark-simple-grey.svg\" alt=\"\" class=\"wp-image-1993\" style=\"width:42px;height:auto\"\/><\/figure>\n<\/div>\n<\/div>\n\n\n\n<div id=\"index-capitulo2\" class=\"capitulo-index-link wp-block-group has-custom-color-2-background-color has-background has-global-padding is-layout-constrained wp-container-core-group-is-layout-1222244d wp-block-group-is-layout-constrained\" style=\"border-radius:6px;margin-top:var(--wp--preset--spacing--superbspacing-xsmall);margin-bottom:var(--wp--preset--spacing--superbspacing-xsmall);padding-top:var(--wp--preset--spacing--superbspacing-xsmall);padding-right:0;padding-bottom:var(--wp--preset--spacing--superbspacing-xsmall);padding-left:0\">\n<div class=\"wp-block-group is-content-justification-space-between is-nowrap is-layout-flex wp-container-core-group-is-layout-0bc2132d wp-block-group-is-layout-flex\" style=\"margin-top:0;margin-bottom:0;padding-right:var(--wp--preset--spacing--superbspacing-small);padding-left:var(--wp--preset--spacing--superbspacing-small)\">\n<h3 class=\"wp-block-heading has-primary-color has-text-color has-link-color wp-elements-6d6695102f8b254d050452ae6d9f36fc\">II &#8211; El salario y otros gastos laborales<\/h3>\n\n\n\n<figure class=\"wp-block-image size-full is-resized wp-duotone-unset-2\"><img decoding=\"async\" src=\"https:\/\/spanishadmin2.com\/staging\/4035\/wp-content\/uploads\/2024\/11\/bookmark-simple-grey.svg\" alt=\"\" class=\"wp-image-1993\" style=\"width:42px;height:auto\"\/><\/figure>\n<\/div>\n<\/div>\n\n\n\n<div id=\"index-capitulo3\" class=\"capitulo-index-link wp-block-group has-custom-color-2-background-color has-background has-global-padding is-layout-constrained wp-container-core-group-is-layout-1222244d wp-block-group-is-layout-constrained\" style=\"border-radius:6px;margin-top:var(--wp--preset--spacing--superbspacing-xsmall);margin-bottom:var(--wp--preset--spacing--superbspacing-xsmall);padding-top:var(--wp--preset--spacing--superbspacing-xsmall);padding-right:0;padding-bottom:var(--wp--preset--spacing--superbspacing-xsmall);padding-left:0\">\n<div class=\"wp-block-group is-content-justification-space-between is-nowrap is-layout-flex wp-container-core-group-is-layout-0bc2132d wp-block-group-is-layout-flex\" style=\"margin-top:0;margin-bottom:0;padding-right:var(--wp--preset--spacing--superbspacing-small);padding-left:var(--wp--preset--spacing--superbspacing-small)\">\n<h3 class=\"wp-block-heading has-primary-color has-text-color has-link-color wp-elements-6b05ad29e4d00b8b8c8e4f89853f5ae3\">III &#8211; Gestionar procesos anuales <\/h3>\n\n\n\n<figure class=\"wp-block-image size-full is-resized wp-duotone-unset-3\"><img decoding=\"async\" src=\"https:\/\/spanishadmin2.com\/staging\/4035\/wp-content\/uploads\/2024\/11\/bookmark-simple-grey.svg\" alt=\"\" class=\"wp-image-1993\" style=\"width:42px;height:auto\"\/><\/figure>\n<\/div>\n<\/div>\n\n\n\n<div id=\"index-capitulo4\" class=\"capitulo-index-link wp-block-group has-custom-color-2-background-color has-background has-global-padding is-layout-constrained wp-container-core-group-is-layout-1222244d wp-block-group-is-layout-constrained\" style=\"border-radius:6px;margin-top:var(--wp--preset--spacing--superbspacing-xsmall);margin-bottom:var(--wp--preset--spacing--superbspacing-xsmall);padding-top:var(--wp--preset--spacing--superbspacing-xsmall);padding-right:0;padding-bottom:var(--wp--preset--spacing--superbspacing-xsmall);padding-left:0\">\n<div class=\"wp-block-group is-content-justification-space-between is-nowrap is-layout-flex wp-container-core-group-is-layout-0bc2132d wp-block-group-is-layout-flex\" style=\"margin-top:0;margin-bottom:0;padding-right:var(--wp--preset--spacing--superbspacing-small);padding-left:var(--wp--preset--spacing--superbspacing-small)\">\n<h3 class=\"wp-block-heading has-primary-color has-text-color has-link-color wp-elements-2452060c141edb4235e36a7d4aeb6070\">IV &#8211; Gestionar procesos puntuales<\/h3>\n\n\n\n<figure class=\"wp-block-image size-full is-resized wp-duotone-unset-4\"><img decoding=\"async\" src=\"https:\/\/spanishadmin2.com\/staging\/4035\/wp-content\/uploads\/2024\/11\/bookmark-simple-grey.svg\" alt=\"\" class=\"wp-image-1993\" style=\"width:42px;height:auto\"\/><\/figure>\n<\/div>\n<\/div>\n\n\n\n<div id=\"index-capitulo5\" class=\"capitulo-index-link wp-block-group has-custom-color-2-background-color has-background has-global-padding is-layout-constrained wp-container-core-group-is-layout-1222244d wp-block-group-is-layout-constrained\" style=\"border-radius:6px;margin-top:var(--wp--preset--spacing--superbspacing-xsmall);margin-bottom:var(--wp--preset--spacing--superbspacing-xsmall);padding-top:var(--wp--preset--spacing--superbspacing-xsmall);padding-right:0;padding-bottom:var(--wp--preset--spacing--superbspacing-xsmall);padding-left:0\">\n<div class=\"wp-block-group is-content-justification-space-between is-nowrap is-layout-flex wp-container-core-group-is-layout-0bc2132d wp-block-group-is-layout-flex\" style=\"margin-top:0;margin-bottom:0;padding-right:var(--wp--preset--spacing--superbspacing-small);padding-left:var(--wp--preset--spacing--superbspacing-small)\">\n<h3 class=\"wp-block-heading has-primary-color has-text-color has-link-color wp-elements-eb8506db526185e063e5513136bdc751\">V &#8211; Creaci\u00f3n y cumplimiento de normas<\/h3>\n\n\n\n<figure class=\"wp-block-image size-full is-resized wp-duotone-unset-5\"><img decoding=\"async\" src=\"https:\/\/spanishadmin2.com\/staging\/4035\/wp-content\/uploads\/2024\/11\/bookmark-simple-grey.svg\" alt=\"\" class=\"wp-image-1993\" style=\"width:42px;height:auto\"\/><\/figure>\n<\/div>\n<\/div>\n\n\n\n<div id=\"index-capitulo6\" class=\"capitulo-index-link wp-block-group has-custom-color-2-background-color has-background has-global-padding is-layout-constrained wp-container-core-group-is-layout-1222244d wp-block-group-is-layout-constrained\" style=\"border-radius:6px;margin-top:var(--wp--preset--spacing--superbspacing-xsmall);margin-bottom:var(--wp--preset--spacing--superbspacing-xsmall);padding-top:var(--wp--preset--spacing--superbspacing-xsmall);padding-right:0;padding-bottom:var(--wp--preset--spacing--superbspacing-xsmall);padding-left:0\">\n<div class=\"wp-block-group is-content-justification-space-between is-nowrap is-layout-flex wp-container-core-group-is-layout-0bc2132d wp-block-group-is-layout-flex\" style=\"margin-top:0;margin-bottom:0;padding-right:var(--wp--preset--spacing--superbspacing-small);padding-left:var(--wp--preset--spacing--superbspacing-small)\">\n<h3 class=\"wp-block-heading has-primary-color has-text-color has-link-color wp-elements-4866e32294b86076dc3fdbffa0021316\">VI &#8211; Referencias y ayudas<\/h3>\n\n\n\n<figure class=\"wp-block-image size-full is-resized wp-duotone-unset-6\"><img decoding=\"async\" src=\"https:\/\/spanishadmin2.com\/staging\/4035\/wp-content\/uploads\/2024\/11\/bookmark-simple-grey.svg\" alt=\"\" class=\"wp-image-1993\" style=\"width:42px;height:auto\"\/><\/figure>\n<\/div>\n<\/div>\n<\/div>\n","protected":false},"excerpt":{"rendered":"<p>En este apartado se presentan los distintos cap\u00edtulos del libro. Dentro cada cap\u00edtulo el usuario encontrar\u00e1 las distintas referencias online de ayuda. I &#8211; El estado legal del trabajador II &#8211; El salario y otros gastos laborales III &#8211; Gestionar procesos anuales IV &#8211; Gestionar procesos puntuales V &#8211; Creaci\u00f3n y cumplimiento de normas VI [&hellip;]<\/p>\n","protected":false},"author":3,"featured_media":0,"parent":0,"menu_order":0,"comment_status":"closed","ping_status":"closed","template":"","meta":{"nf_dc_page":"","iawp_total_views":2,"footnotes":""},"class_list":["post-1987","page","type-page","status-publish","hentry"],"_links":{"self":[{"href":"https:\/\/spanishadmin2.com\/staging\/4035\/wp-json\/wp\/v2\/pages\/1987","targetHints":{"allow":["GET"]}}],"collection":[{"href":"https:\/\/spanishadmin2.com\/staging\/4035\/wp-json\/wp\/v2\/pages"}],"about":[{"href":"https:\/\/spanishadmin2.com\/staging\/4035\/wp-json\/wp\/v2\/types\/page"}],"author":[{"embeddable":true,"href":"https:\/\/spanishadmin2.com\/staging\/4035\/wp-json\/wp\/v2\/users\/3"}],"replies":[{"embeddable":true,"href":"https:\/\/spanishadmin2.com\/staging\/4035\/wp-json\/wp\/v2\/comments?post=1987"}],"version-history":[{"count":23,"href":"https:\/\/spanishadmin2.com\/staging\/4035\/wp-json\/wp\/v2\/pages\/1987\/revisions"}],"predecessor-version":[{"id":2678,"href":"https:\/\/spanishadmin2.com\/staging\/4035\/wp-json\/wp\/v2\/pages\/1987\/revisions\/2678"}],"wp:attachment":[{"href":"https:\/\/spanishadmin2.com\/staging\/4035\/wp-json\/wp\/v2\/media?parent=1987"}],"curies":[{"name":"wp","href":"https:\/\/api.w.org\/{rel}","templated":true}]}}